{"id":1316,"date":"2021-05-06T12:58:24","date_gmt":"2021-05-06T12:58:24","guid":{"rendered":"https:\/\/citychange.app\/?page_id=1316"},"modified":"2021-05-06T16:16:29","modified_gmt":"2021-05-06T16:16:29","slug":"about","status":"publish","type":"page","link":"https:\/\/citychange.app\/da_dk\/about\/","title":{"rendered":"Om os"},"content":{"rendered":"\t\t<div data-elementor-type=\"wp-page\" data-elementor-id=\"1316\" class=\"elementor elementor-1316\" data-elementor-settings=\"[]\">\n\t\t\t\t\t\t\t<div class=\"elementor-section-wrap\">\n\t\t\t\t\t\t\t<section class=\"elementor-section elementor-top-section elementor-element elementor-element-ce78596 elementor-section-boxed elementor-section-height-default elementor-section-height-default elementor-invisible\" data-id=\"ce78596\" data-element_type=\"section\" data-settings=\"{&quot;animation&quot;:&quot;slideInUp&quot;}\">\n\t\t\t\t\t\t<div class=\"elementor-container elementor-column-gap-default\">\n\t\t\t\t\t<div class=\"elementor-column elementor-col-33 elementor-top-column elementor-element elementor-element-23c56f5\" data-id=\"23c56f5\" data-element_type=\"column\">\n\t\t\t<div class=\"elementor-widget-wrap elementor-element-populated\">\n\t\t\t\t\t\t\t\t<div class=\"elementor-element elementor-element-166656d elementor-view-default elementor-position-top elementor-vertical-align-top elementor-widget elementor-widget-icon-box\" data-id=\"166656d\" data-element_type=\"widget\" data-widget_type=\"icon-box.default\">\n\t\t\t\t<div class=\"elementor-widget-container\">\n\t\t\t\t\t<div class=\"elementor-icon-box-wrapper\">\n\t\t\t\t\t\t<div class=\"elementor-icon-box-icon\">\n\t\t\t\t<span class=\"elementor-icon elementor-animation-\" >\n\t\t\t\t<i aria-hidden=\"true\" class=\"fas fa-users\"><\/i>\t\t\t\t<\/span>\n\t\t\t<\/div>\n\t\t\t\t\t\t<div class=\"elementor-icon-box-content\">\n\t\t\t\t<h3 class=\"elementor-icon-box-title\">\n\t\t\t\t\t<span >5 mennesker<\/span>\n\t\t\t\t<\/h3>\n\t\t\t\t\t\t\t\t<p class=\"elementor-icon-box-description\">Der arbejder med tech, arkitektur og kommunikation<\/p>\n\t\t\t\t\t\t\t<\/div>\n\t\t<\/div>\n\t\t\t\t<\/div>\n\t\t\t\t<\/div>\n\t\t\t\t\t<\/div>\n\t\t<\/div>\n\t\t\t\t<div class=\"elementor-column elementor-col-33 elementor-top-column elementor-element elementor-element-5e73276\" data-id=\"5e73276\" data-element_type=\"column\">\n\t\t\t<div class=\"elementor-widget-wrap elementor-element-populated\">\n\t\t\t\t\t\t\t\t<div class=\"elementor-element elementor-element-2e42d1f elementor-view-default elementor-position-top elementor-vertical-align-top elementor-widget elementor-widget-icon-box\" data-id=\"2e42d1f\" data-element_type=\"widget\" data-widget_type=\"icon-box.default\">\n\t\t\t\t<div class=\"elementor-widget-container\">\n\t\t\t\t\t<div class=\"elementor-icon-box-wrapper\">\n\t\t\t\t\t\t<div class=\"elementor-icon-box-icon\">\n\t\t\t\t<span class=\"elementor-icon elementor-animation-\" >\n\t\t\t\t<i aria-hidden=\"true\" class=\"fas fa-hard-hat\"><\/i>\t\t\t\t<\/span>\n\t\t\t<\/div>\n\t\t\t\t\t\t<div class=\"elementor-icon-box-content\">\n\t\t\t\t<h3 class=\"elementor-icon-box-title\">\n\t\t\t\t\t<span >80 \u00e5rs erfaring<\/span>\n\t\t\t\t<\/h3>\n\t\t\t\t\t\t\t\t<p class=\"elementor-icon-box-description\">Tilsammen, alts\u00e5<\/p>\n\t\t\t\t\t\t\t<\/div>\n\t\t<\/div>\n\t\t\t\t<\/div>\n\t\t\t\t<\/div>\n\t\t\t\t\t<\/div>\n\t\t<\/div>\n\t\t\t\t<div class=\"elementor-column elementor-col-33 elementor-top-column elementor-element elementor-element-51e5745\" data-id=\"51e5745\" data-element_type=\"column\">\n\t\t\t<div class=\"elementor-widget-wrap elementor-element-populated\">\n\t\t\t\t\t\t\t\t<div class=\"elementor-element elementor-element-135608b elementor-view-default elementor-position-top elementor-vertical-align-top elementor-widget elementor-widget-icon-box\" data-id=\"135608b\" data-element_type=\"widget\" data-widget_type=\"icon-box.default\">\n\t\t\t\t<div class=\"elementor-widget-container\">\n\t\t\t\t\t<div class=\"elementor-icon-box-wrapper\">\n\t\t\t\t\t\t<div class=\"elementor-icon-box-icon\">\n\t\t\t\t<span class=\"elementor-icon elementor-animation-\" >\n\t\t\t\t<i aria-hidden=\"true\" class=\"fas fa-city\"><\/i>\t\t\t\t<\/span>\n\t\t\t<\/div>\n\t\t\t\t\t\t<div class=\"elementor-icon-box-content\">\n\t\t\t\t<h3 class=\"elementor-icon-box-title\">\n\t\t\t\t\t<span >Store dr\u00f8mme<\/span>\n\t\t\t\t<\/h3>\n\t\t\t\t\t\t\t\t<p class=\"elementor-icon-box-description\">... om at skabe en bedre by gennem teknologi og kommunikation<\/p>\n\t\t\t\t\t\t\t<\/div>\n\t\t<\/div>\n\t\t\t\t<\/div>\n\t\t\t\t<\/div>\n\t\t\t\t\t<\/div>\n\t\t<\/div>\n\t\t\t\t\t\t\t<\/div>\n\t\t<\/section>\n\t\t\t\t<section class=\"elementor-section elementor-top-section elementor-element elementor-element-5ef2089 elementor-section-boxed elementor-section-height-default elementor-section-height-default\" data-id=\"5ef2089\" data-element_type=\"section\" data-settings=\"{&quot;background_background&quot;:&quot;classic&quot;}\">\n\t\t\t\t\t\t<div class=\"elementor-container elementor-column-gap-default\">\n\t\t\t\t\t<div class=\"elementor-column elementor-col-100 elementor-top-column elementor-element elementor-element-5a05ca5\" data-id=\"5a05ca5\" data-element_type=\"column\">\n\t\t\t<div class=\"elementor-widget-wrap elementor-element-populated\">\n\t\t\t\t\t\t\t\t<section class=\"elementor-section elementor-inner-section elementor-element elementor-element-22c7ab3 elementor-section-boxed elementor-section-height-default elementor-section-height-default\" data-id=\"22c7ab3\" data-element_type=\"section\">\n\t\t\t\t\t\t<div class=\"elementor-container elementor-column-gap-default\">\n\t\t\t\t\t<div class=\"elementor-column elementor-col-50 elementor-inner-column elementor-element elementor-element-87f39c9\" data-id=\"87f39c9\" data-element_type=\"column\">\n\t\t\t<div class=\"elementor-widget-wrap elementor-element-populated\">\n\t\t\t\t\t\t\t\t<div class=\"elementor-element elementor-element-df80fd5 elementor-invisible elementor-widget elementor-widget-image\" data-id=\"df80fd5\" data-element_type=\"widget\" data-settings=\"{&quot;_animation&quot;:&quot;fadeInLeft&quot;}\" data-widget_type=\"image.default\">\n\t\t\t\t<div class=\"elementor-widget-container\">\n\t\t\t\t\t\t\t\t\t\t\t\t\t\t\t<img width=\"768\" height=\"751\" src=\"https:\/\/citychange.app\/wp-content\/uploads\/2021\/05\/mkbh-grafik-ed2-1.png\" class=\"attachment-medium_large size-medium_large\" alt=\"\" loading=\"lazy\" srcset=\"https:\/\/citychange.app\/wp-content\/uploads\/2021\/05\/mkbh-grafik-ed2-1.png 769w, https:\/\/citychange.app\/wp-content\/uploads\/2021\/05\/mkbh-grafik-ed2-1-300x293.png 300w\" sizes=\"(max-width: 768px) 100vw, 768px\" \/>\t\t\t\t\t\t\t\t\t\t\t\t\t\t\t<\/div>\n\t\t\t\t<\/div>\n\t\t\t\t\t<\/div>\n\t\t<\/div>\n\t\t\t\t<div class=\"elementor-column elementor-col-50 elementor-inner-column elementor-element elementor-element-84c2344\" data-id=\"84c2344\" data-element_type=\"column\">\n\t\t\t<div class=\"elementor-widget-wrap elementor-element-populated\">\n\t\t\t\t\t\t\t\t<div class=\"elementor-element elementor-element-a06b0a1 elementor-invisible elementor-widget elementor-widget-text-editor\" data-id=\"a06b0a1\" data-element_type=\"widget\" id=\"about\" data-settings=\"{&quot;_animation&quot;:&quot;fadeInRight&quot;}\" data-widget_type=\"text-editor.default\">\n\t\t\t\t<div class=\"elementor-widget-container\">\n\t\t\t\t\t\t\t\t<h2>En gren af Magasinet KBH<\/h2><p>CityChange er udsprunget af Magasinet KBH, der er udkommet i K\u00f8benhavn siden 2005 \u2014 f\u00f8rst som trykt magasin og i dag som en digital udgivelse.<\/p><p>Projektet skal involvere l\u00e6serne \u2014 og dermed byens beboere \u2014 p\u00e5 en helt ny m\u00e5de. L\u00e6sernes meninger om byen skal spille en aktiv rolle i journalistikken og skabe en helt ny grad af indsigt og transparens.<\/p><p>D\u00e9t skal ultimativt f\u00f8re til, at byen i h\u00f8jere grad udformes p\u00e5 basis af beboernes \u00f8nsker.<\/p>\t\t\t\t\t\t<\/div>\n\t\t\t\t<\/div>\n\t\t\t\t\t<\/div>\n\t\t<\/div>\n\t\t\t\t\t\t\t<\/div>\n\t\t<\/section>\n\t\t\t\t\t<\/div>\n\t\t<\/div>\n\t\t\t\t\t\t\t<\/div>\n\t\t<\/section>\n\t\t\t\t\t\t<\/div>\n\t\t\t\t\t<\/div>\n\t\t","protected":false},"excerpt":{"rendered":"<p>5 mennesker Der arbejder med tech, arkitektur og kommunikation 80 \u00e5rs erfaring Tilsammen, alts\u00e5 Store dr\u00f8mme &#8230; om at skabe en bedre by gennem teknologi og kommunikation En gren af Magasinet KBH CityChange er udsprunget af Magasinet KBH, der er udkommet i K\u00f8benhavn siden 2005 \u2014 f\u00f8rst som trykt magasin og i dag som en&#8230;<\/p>\n","protected":false},"author":1,"featured_media":935,"parent":0,"menu_order":0,"comment_status":"closed","ping_status":"closed","template":"elementor_header_footer","meta":[],"yoast_head":"<!-- This site is optimized with the Yoast SEO plugin v16.9 - https:\/\/yoast.com\/wordpress\/plugins\/seo\/ -->\n<title>Om os - CityChange<\/title>\n<meta name=\"robots\" content=\"index, follow, max-snippet:-1, max-image-preview:large, max-video-preview:-1\" \/>\n<link rel=\"canonical\" href=\"https:\/\/citychange.app\/da_dk\/about\/\" \/>\n<meta property=\"og:locale\" content=\"da_DK\" \/>\n<meta property=\"og:type\" content=\"article\" \/>\n<meta property=\"og:title\" content=\"Om os - CityChange\" \/>\n<meta property=\"og:description\" content=\"5 mennesker Der arbejder med tech, arkitektur og kommunikation 80 \u00e5rs erfaring Tilsammen, alts\u00e5 Store dr\u00f8mme &#8230; om at skabe en bedre by gennem teknologi og kommunikation En gren af Magasinet KBH CityChange er udsprunget af Magasinet KBH, der er udkommet i K\u00f8benhavn siden 2005 \u2014 f\u00f8rst som trykt magasin og i dag som en...\" \/>\n<meta property=\"og:url\" content=\"https:\/\/citychange.app\/da_dk\/about\/\" \/>\n<meta property=\"og:site_name\" content=\"CityChange\" \/>\n<meta property=\"article:modified_time\" content=\"2021-05-06T16:16:29+00:00\" \/>\n<meta property=\"og:image\" content=\"https:\/\/citychange.app\/wp-content\/uploads\/2021\/04\/aabent_taarn_-_2019_-_fotograf_c_thomas_heie_nielsen-7.jpg\" \/>\n\t<meta property=\"og:image:width\" content=\"1200\" \/>\n\t<meta property=\"og:image:height\" content=\"800\" \/>\n<meta name=\"twitter:card\" content=\"summary_large_image\" \/>\n<meta name=\"twitter:label1\" content=\"Estimeret l\u00e6setid\" \/>\n\t<meta name=\"twitter:data1\" content=\"1 minut\" \/>\n<script type=\"application\/ld+json\" class=\"yoast-schema-graph\">{\"@context\":\"https:\/\/schema.org\",\"@graph\":[{\"@type\":\"WebSite\",\"@id\":\"https:\/\/citychange.app\/#website\",\"url\":\"https:\/\/citychange.app\/\",\"name\":\"CityChange\",\"description\":\"Change your city\",\"potentialAction\":[{\"@type\":\"SearchAction\",\"target\":{\"@type\":\"EntryPoint\",\"urlTemplate\":\"https:\/\/citychange.app\/?s={search_term_string}\"},\"query-input\":\"required name=search_term_string\"}],\"inLanguage\":\"da-DK\"},{\"@type\":\"ImageObject\",\"@id\":\"https:\/\/citychange.app\/about\/#primaryimage\",\"inLanguage\":\"da-DK\",\"url\":\"https:\/\/citychange.app\/wp-content\/uploads\/2021\/04\/aabent_taarn_-_2019_-_fotograf_c_thomas_heie_nielsen-7.jpg\",\"contentUrl\":\"https:\/\/citychange.app\/wp-content\/uploads\/2021\/04\/aabent_taarn_-_2019_-_fotograf_c_thomas_heie_nielsen-7.jpg\",\"width\":1200,\"height\":800},{\"@type\":\"WebPage\",\"@id\":\"https:\/\/citychange.app\/about\/#webpage\",\"url\":\"https:\/\/citychange.app\/about\/\",\"name\":\"Om os - CityChange\",\"isPartOf\":{\"@id\":\"https:\/\/citychange.app\/#website\"},\"primaryImageOfPage\":{\"@id\":\"https:\/\/citychange.app\/about\/#primaryimage\"},\"datePublished\":\"2021-05-06T12:58:24+00:00\",\"dateModified\":\"2021-05-06T16:16:29+00:00\",\"breadcrumb\":{\"@id\":\"https:\/\/citychange.app\/about\/#breadcrumb\"},\"inLanguage\":\"da-DK\",\"potentialAction\":[{\"@type\":\"ReadAction\",\"target\":[\"https:\/\/citychange.app\/about\/\"]}]},{\"@type\":\"BreadcrumbList\",\"@id\":\"https:\/\/citychange.app\/about\/#breadcrumb\",\"itemListElement\":[{\"@type\":\"ListItem\",\"position\":1,\"name\":\"Home\",\"item\":\"https:\/\/citychange.app\/\"},{\"@type\":\"ListItem\",\"position\":2,\"name\":\"Om os\"}]}]}<\/script>\n<!-- \/ Yoast SEO plugin. -->","yoast_head_json":{"title":"Om os - CityChange","robots":{"index":"index","follow":"follow","max-snippet":"max-snippet:-1","max-image-preview":"max-image-preview:large","max-video-preview":"max-video-preview:-1"},"canonical":"https:\/\/citychange.app\/da_dk\/about\/","og_locale":"da_DK","og_type":"article","og_title":"Om os - CityChange","og_description":"5 mennesker Der arbejder med tech, arkitektur og kommunikation 80 \u00e5rs erfaring Tilsammen, alts\u00e5 Store dr\u00f8mme &#8230; om at skabe en bedre by gennem teknologi og kommunikation En gren af Magasinet KBH CityChange er udsprunget af Magasinet KBH, der er udkommet i K\u00f8benhavn siden 2005 \u2014 f\u00f8rst som trykt magasin og i dag som en...","og_url":"https:\/\/citychange.app\/da_dk\/about\/","og_site_name":"CityChange","article_modified_time":"2021-05-06T16:16:29+00:00","og_image":[{"width":1200,"height":800,"url":"https:\/\/citychange.app\/wp-content\/uploads\/2021\/04\/aabent_taarn_-_2019_-_fotograf_c_thomas_heie_nielsen-7.jpg","path":"\/var\/www\/vhosts\/citychange.app\/httpdocs\/wp-content\/uploads\/2021\/04\/aabent_taarn_-_2019_-_fotograf_c_thomas_heie_nielsen-7.jpg","size":"full","id":935,"alt":"","pixels":960000,"type":"image\/jpeg"}],"twitter_card":"summary_large_image","twitter_misc":{"Estimeret l\u00e6setid":"1 minut"},"schema":{"@context":"https:\/\/schema.org","@graph":[{"@type":"WebSite","@id":"https:\/\/citychange.app\/#website","url":"https:\/\/citychange.app\/","name":"CityChange","description":"Change your city","potentialAction":[{"@type":"SearchAction","target":{"@type":"EntryPoint","urlTemplate":"https:\/\/citychange.app\/?s={search_term_string}"},"query-input":"required name=search_term_string"}],"inLanguage":"da-DK"},{"@type":"ImageObject","@id":"https:\/\/citychange.app\/about\/#primaryimage","inLanguage":"da-DK","url":"https:\/\/citychange.app\/wp-content\/uploads\/2021\/04\/aabent_taarn_-_2019_-_fotograf_c_thomas_heie_nielsen-7.jpg","contentUrl":"https:\/\/citychange.app\/wp-content\/uploads\/2021\/04\/aabent_taarn_-_2019_-_fotograf_c_thomas_heie_nielsen-7.jpg","width":1200,"height":800},{"@type":"WebPage","@id":"https:\/\/citychange.app\/about\/#webpage","url":"https:\/\/citychange.app\/about\/","name":"Om os - CityChange","isPartOf":{"@id":"https:\/\/citychange.app\/#website"},"primaryImageOfPage":{"@id":"https:\/\/citychange.app\/about\/#primaryimage"},"datePublished":"2021-05-06T12:58:24+00:00","dateModified":"2021-05-06T16:16:29+00:00","breadcrumb":{"@id":"https:\/\/citychange.app\/about\/#breadcrumb"},"inLanguage":"da-DK","potentialAction":[{"@type":"ReadAction","target":["https:\/\/citychange.app\/about\/"]}]},{"@type":"BreadcrumbList","@id":"https:\/\/citychange.app\/about\/#breadcrumb","itemListElement":[{"@type":"ListItem","position":1,"name":"Home","item":"https:\/\/citychange.app\/"},{"@type":"ListItem","position":2,"name":"Om os"}]}]}},"_links":{"self":[{"href":"https:\/\/citychange.app\/da_dk\/wp-json\/wp\/v2\/pages\/1316"}],"collection":[{"href":"https:\/\/citychange.app\/da_dk\/wp-json\/wp\/v2\/pages"}],"about":[{"href":"https:\/\/citychange.app\/da_dk\/wp-json\/wp\/v2\/types\/page"}],"author":[{"embeddable":true,"href":"https:\/\/citychange.app\/da_dk\/wp-json\/wp\/v2\/users\/1"}],"replies":[{"embeddable":true,"href":"https:\/\/citychange.app\/da_dk\/wp-json\/wp\/v2\/comments?post=1316"}],"version-history":[{"count":48,"href":"https:\/\/citychange.app\/da_dk\/wp-json\/wp\/v2\/pages\/1316\/revisions"}],"predecessor-version":[{"id":1374,"href":"https:\/\/citychange.app\/da_dk\/wp-json\/wp\/v2\/pages\/1316\/revisions\/1374"}],"wp:featuredmedia":[{"embeddable":true,"href":"https:\/\/citychange.app\/da_dk\/wp-json\/wp\/v2\/media\/935"}],"wp:attachment":[{"href":"https:\/\/citychange.app\/da_dk\/wp-json\/wp\/v2\/media?parent=1316"}],"curies":[{"name":"wp","href":"https:\/\/api.w.org\/{rel}","templated":true}]}}