{"id":1041,"date":"2021-04-20T13:58:09","date_gmt":"2021-04-20T13:58:09","guid":{"rendered":"https:\/\/citychange.app\/?page_id=1041"},"modified":"2021-05-11T16:36:35","modified_gmt":"2021-05-11T16:36:35","slug":"privacy","status":"publish","type":"page","link":"https:\/\/citychange.app\/da_dk\/privacy\/","title":{"rendered":"Privatlivspolitik"},"content":{"rendered":"\t\t<div data-elementor-type=\"wp-page\" data-elementor-id=\"1041\" class=\"elementor elementor-1041\" data-elementor-settings=\"[]\">\n\t\t\t\t\t\t\t<div class=\"elementor-section-wrap\">\n\t\t\t\t\t\t\t<section class=\"elementor-section elementor-top-section elementor-element elementor-element-3d4fe76c elementor-section-boxed elementor-section-height-default elementor-section-height-default\" data-id=\"3d4fe76c\" data-element_type=\"section\">\n\t\t\t\t\t\t<div class=\"elementor-container elementor-column-gap-default\">\n\t\t\t\t\t<div class=\"elementor-column elementor-col-100 elementor-top-column elementor-element elementor-element-184cdd3d\" data-id=\"184cdd3d\" data-element_type=\"column\">\n\t\t\t<div class=\"elementor-widget-wrap\">\n\t\t\t\t\t\t\t\t\t<\/div>\n\t\t<\/div>\n\t\t\t\t\t\t\t<\/div>\n\t\t<\/section>\n\t\t\t\t<section class=\"elementor-section elementor-top-section elementor-element elementor-element-8733fb4 elementor-section-boxed elementor-section-height-default elementor-section-height-default\" data-id=\"8733fb4\" data-element_type=\"section\">\n\t\t\t\t\t\t<div class=\"elementor-container elementor-column-gap-default\">\n\t\t\t\t\t<div class=\"elementor-column elementor-col-100 elementor-top-column elementor-element elementor-element-0d7518d\" data-id=\"0d7518d\" data-element_type=\"column\">\n\t\t\t<div class=\"elementor-widget-wrap elementor-element-populated\">\n\t\t\t\t\t\t\t\t<div class=\"elementor-element elementor-element-599c79a elementor-widget elementor-widget-text-editor\" data-id=\"599c79a\" data-element_type=\"widget\" id=\"termsprivacy\" data-widget_type=\"text-editor.default\">\n\t\t\t\t<div class=\"elementor-widget-container\">\n\t\t\t\t\t\t\t\t<h1><strong>CityChange&#8217;s Privatlivspolitik<\/strong><\/h1><p>CityChange er en del af Manifesta ApS i Danmark. Denne privatlivspolitik vil forklare, hvordan vi bruge de personlige data vi indhenter, n\u00e5r du bruge app&#8217;en CityChange.<\/p><h4>Hvilke data indhenter vi?<\/h4><p>Manifesta ApS indhenter de f\u00f8lgende data:<\/p><ol><li>Information der kan identificere dig (navn og email-addresse), som du har delt den med os i app&#8217;en.<\/li><li>Omtrentlig geografisk placering for dit hjem, som du har delt den med os. Denne er afg\u00f8rende for, at vi kan forst\u00e5 de data, vi modtager.<\/li><li>Demografiske data, s\u00e5 som alder og k\u00f8n og hyppigt brugte transpportmidler, som du har delt dette med os i app&#8217;en.<\/li><li>Stemmer, kommentarer og forslag tilf\u00f8jet af dig i app&#8217;en.<\/li><\/ol><h4>Hvordan indhenter vi data?<\/h4><p>Du leverer disse data direkte til CityChange, n\u00e5r du foretager handlinger i app&#8217;en. Vi indhenter og behandler data n\u00e5r du:<\/p><ol><li>Laver en brugerprofil i app&#8217;en<\/li><li>Stemmer p\u00e5 et valgt omr\u00e5de i app&#8217;en.<\/li><li>Stiller et foreslag i app&#8217;en.<\/li><li>Kommenterer p\u00e5 et omr\u00e5de eller et forslag i app&#8217;en.<\/li><li>&#8216;Kan lide&#8217; eller &#8216;kan ikke lide&#8217; en kommentar eller et forslag i app&#8217;en.<\/li><\/ol><h4>Hvordan bruger vi dine data?<\/h4><p>Vi indhenter dine data, s\u00e5 vi:<\/p><ol><li>Anonymt kan aggregere stemmer, &#8216;likes&#8217; og forslag til brug i analyser.<\/li><li>Kan opliste forslag stillet af app&#8217;en brugere.<\/li><li>Kan emaile dig nyheder om CityChange og\/eller forslag og geografiske omr\u00e5der du har udtrykt en interesse i. Du kan afmelde dette til enhver tid.<\/li><\/ol><h4>Hvordan opbevarer vi dine data?<\/h4><ol><li>Vi opbevarer dine data p\u00e5 en sikret server i Tyskland.<\/li><li>Vores server bruger SSL kryptering via https protokollen.<\/li><li>Vi opbevarer dine stemmer, &#8216;likes&#8217;, kommentarer og forslag p\u00e5 ubestemt til, s\u00e5 vi kan monitorere \u00e6ndringer i aggregerede brugerdata over tid, alts\u00e5 til statistiske form\u00e5l.<\/li><\/ol><h4>Markedsf\u00f8ring<\/h4><p>Vi vil eventuelt sende dig information om CityChange, som vi tror du vil v\u00e6re interesseret i. Du kan framelde dette til enhver tid. Du har ret til, p\u00e5 ethvert tidspunkt, at stoppe kommunikation fra CityChange med markedf\u00f8ringsform\u00e5l.<span style=\"color: var( --e-global-color-primary ); letter-spacing: 0px;\"> Hvis du ikke l\u00e6ngere \u00f8nsker at blive kontaktet, kan du afmelde kommunikation fra os i enhver email modtaget fra os<\/span><span style=\"color: var( --e-global-color-primary ); letter-spacing: 0px;\">.<\/span><span style=\"color: var( --e-global-color-primary ); letter-spacing: 0px;\">\u00a0<\/span><\/p><h4>Hvad er mine databeskyttelses-rettigheder?<\/h4><p>Vi vil gerne sikre os, at du er helt klar over dine rettigheder med hensyn til databeskyttelse. Enhver bruger er berettiget til f\u00f8lgende:<\/p><ol><li>Adgang til data \u2013 Du har ret til at rekvirerere kopier af dine personlige data. Bem\u00e6rk at vi muligvis vil opkr\u00e6ve et administrationsgebyr for dette..<\/li><li>Rettelser \u2013 Du har ret til at anmode om, at Manifesta ApS retter enhver information, som du mener er forkert.\u00a0<\/li><li>Sletning \u2013 Du har ret til at anmode om, at Manifesta ApS sletter dine personlige data, p\u00e5 bestemte betingelser.<\/li><li>Begr\u00e6nsninger \u2013 Du har ret til at anmode Manifesta ApS om at begr\u00e6nse behandlingen af dine personlige data, p\u00e5 bestemte betingelser.<\/li><li>N\u00e6gte behandling \u2013 Du har ret til at anmode Manifesta ApS om ikke at behandle dine data, p\u00e5 bestemte betingelser.<\/li><li>Transport af data \u2013 Du har ret til at anmode Manifesta ApS om at levere data som vi har indsamlet til en anden organisation, p\u00e5 bestemte betingelser.<\/li><li>Hvis du anmoder, har vi \u00e9n m\u00e5ned til at svare dig. Hvis du \u00f8nsker at benytte dig af disse rettigheder, bedes du kontakte os p\u00e5 vores email: privacy@citychange.app. Ellers du kan skrive til Manifesta ApS, L\u00f8ngangstr\u00e6de 18, 3., 1468 K\u00f8benhavn K, Danmark<\/li><\/ol><h4>Cookies<\/h4><p>Cookies are tekst-filer som bliver placeret p\u00e5 din computer s\u00e5 man kan indsamle standard log information og information om digital brugeradf\u00e6rd. N\u00e5r du bes\u00f8ger vores websites, kan vi indsamle automatisk information via cookies eller lignende teknologi. For mere information, bes\u00f8g allaboutcookies.org.<\/p><h4>Hvilke slags cookies bruger vi?<\/h4><p>Dette website benytter sig alene af analytiske cookies, dvs. cookies til at analysere trafik med Google Analytics.<\/p><h4>\u00c6ndringer i vore privatlivspolitik<\/h4><p>Manifesta ApS reviderer l\u00f8bende sin privatlivspolitik for CityChange og opdaterer denne webside i overensstemmelse hermed. Denne privatlivspolitik blev sidst opdateret den 11. maj 2021.<\/p><h4>Hvordan kan du kontakte os?<\/h4><p>Hvis du har sp\u00f8rgsm\u00e5l om vores privatlivspolitik, de data vi opbevarer, eller vil du benytte dig af en af dine rettigheder til databeskyttelse, kan du kontakte os s\u00e5ledes:.<\/p><p><span style=\"color: var( --e-global-color-primary ); letter-spacing: 0px;\">E-mail os p\u00e5: <a href=\"mailto:hello@citychange.app\">hello@citychange.app<\/a><\/span><span style=\"color: var( --e-global-color-primary ); letter-spacing: 0px;\">\u00a0<\/span><\/p><h4>Hvordan kan jeg kontakte den relevante myndighed?<\/h4><p>Skulle du \u00f8nske at klage over Manifesta ApS, eller mener du, at vi ikke har behandlet din henvendelse tilfredsstillende, kan du kontakte: <a href=\"https:\/\/edps.europa.eu\/_en\">European Data Protection Supervisor<\/a>.<\/p>\t\t\t\t\t\t<\/div>\n\t\t\t\t<\/div>\n\t\t\t\t\t<\/div>\n\t\t<\/div>\n\t\t\t\t\t\t\t<\/div>\n\t\t<\/section>\n\t\t\t\t\t\t<\/div>\n\t\t\t\t\t<\/div>\n\t\t","protected":false},"excerpt":{"rendered":"<p>CityChange&#8217;s Privatlivspolitik CityChange er en del af Manifesta ApS i Danmark. Denne privatlivspolitik vil forklare, hvordan vi bruge de personlige data vi indhenter, n\u00e5r du bruge app&#8217;en CityChange. Hvilke data indhenter vi? Manifesta ApS indhenter de f\u00f8lgende data: Information der kan identificere dig (navn og email-addresse), som du har delt den med os i app&#8217;en&#8230;.<\/p>\n","protected":false},"author":1,"featured_media":0,"parent":0,"menu_order":0,"comment_status":"closed","ping_status":"closed","template":"elementor_header_footer","meta":[],"yoast_head":"<!-- This site is optimized with the Yoast SEO plugin v16.9 - https:\/\/yoast.com\/wordpress\/plugins\/seo\/ -->\n<title>Privatlivspolitik - CityChange<\/title>\n<meta name=\"description\" content=\"Privacy policy for the CityChange app\" \/>\n<meta name=\"robots\" content=\"index, follow, max-snippet:-1, max-image-preview:large, max-video-preview:-1\" \/>\n<link rel=\"canonical\" href=\"https:\/\/citychange.app\/da_dk\/privacy\/\" \/>\n<meta property=\"og:locale\" content=\"da_DK\" \/>\n<meta property=\"og:type\" content=\"article\" \/>\n<meta property=\"og:title\" content=\"Privatlivspolitik - CityChange\" \/>\n<meta property=\"og:description\" content=\"Privacy policy for the CityChange app\" \/>\n<meta property=\"og:url\" content=\"https:\/\/citychange.app\/da_dk\/privacy\/\" \/>\n<meta property=\"og:site_name\" content=\"CityChange\" \/>\n<meta property=\"article:modified_time\" content=\"2021-05-11T16:36:35+00:00\" \/>\n<meta name=\"twitter:card\" content=\"summary_large_image\" \/>\n<meta name=\"twitter:label1\" content=\"Estimeret l\u00e6setid\" \/>\n\t<meta name=\"twitter:data1\" content=\"4 minutter\" \/>\n<script type=\"application\/ld+json\" class=\"yoast-schema-graph\">{\"@context\":\"https:\/\/schema.org\",\"@graph\":[{\"@type\":\"WebSite\",\"@id\":\"https:\/\/citychange.app\/#website\",\"url\":\"https:\/\/citychange.app\/\",\"name\":\"CityChange\",\"description\":\"Change your city\",\"potentialAction\":[{\"@type\":\"SearchAction\",\"target\":{\"@type\":\"EntryPoint\",\"urlTemplate\":\"https:\/\/citychange.app\/?s={search_term_string}\"},\"query-input\":\"required name=search_term_string\"}],\"inLanguage\":\"da-DK\"},{\"@type\":\"WebPage\",\"@id\":\"https:\/\/citychange.app\/privacy\/#webpage\",\"url\":\"https:\/\/citychange.app\/privacy\/\",\"name\":\"Privatlivspolitik - CityChange\",\"isPartOf\":{\"@id\":\"https:\/\/citychange.app\/#website\"},\"datePublished\":\"2021-04-20T13:58:09+00:00\",\"dateModified\":\"2021-05-11T16:36:35+00:00\",\"description\":\"Privacy policy for the CityChange app\",\"breadcrumb\":{\"@id\":\"https:\/\/citychange.app\/privacy\/#breadcrumb\"},\"inLanguage\":\"da-DK\",\"potentialAction\":[{\"@type\":\"ReadAction\",\"target\":[\"https:\/\/citychange.app\/privacy\/\"]}]},{\"@type\":\"BreadcrumbList\",\"@id\":\"https:\/\/citychange.app\/privacy\/#breadcrumb\",\"itemListElement\":[{\"@type\":\"ListItem\",\"position\":1,\"name\":\"Home\",\"item\":\"https:\/\/citychange.app\/\"},{\"@type\":\"ListItem\",\"position\":2,\"name\":\"Privatlivspolitik\"}]}]}<\/script>\n<!-- \/ Yoast SEO plugin. -->","yoast_head_json":{"title":"Privatlivspolitik - CityChange","description":"Privacy policy for the CityChange app","robots":{"index":"index","follow":"follow","max-snippet":"max-snippet:-1","max-image-preview":"max-image-preview:large","max-video-preview":"max-video-preview:-1"},"canonical":"https:\/\/citychange.app\/da_dk\/privacy\/","og_locale":"da_DK","og_type":"article","og_title":"Privatlivspolitik - CityChange","og_description":"Privacy policy for the CityChange app","og_url":"https:\/\/citychange.app\/da_dk\/privacy\/","og_site_name":"CityChange","article_modified_time":"2021-05-11T16:36:35+00:00","twitter_card":"summary_large_image","twitter_misc":{"Estimeret l\u00e6setid":"4 minutter"},"schema":{"@context":"https:\/\/schema.org","@graph":[{"@type":"WebSite","@id":"https:\/\/citychange.app\/#website","url":"https:\/\/citychange.app\/","name":"CityChange","description":"Change your city","potentialAction":[{"@type":"SearchAction","target":{"@type":"EntryPoint","urlTemplate":"https:\/\/citychange.app\/?s={search_term_string}"},"query-input":"required name=search_term_string"}],"inLanguage":"da-DK"},{"@type":"WebPage","@id":"https:\/\/citychange.app\/privacy\/#webpage","url":"https:\/\/citychange.app\/privacy\/","name":"Privatlivspolitik - CityChange","isPartOf":{"@id":"https:\/\/citychange.app\/#website"},"datePublished":"2021-04-20T13:58:09+00:00","dateModified":"2021-05-11T16:36:35+00:00","description":"Privacy policy for the CityChange app","breadcrumb":{"@id":"https:\/\/citychange.app\/privacy\/#breadcrumb"},"inLanguage":"da-DK","potentialAction":[{"@type":"ReadAction","target":["https:\/\/citychange.app\/privacy\/"]}]},{"@type":"BreadcrumbList","@id":"https:\/\/citychange.app\/privacy\/#breadcrumb","itemListElement":[{"@type":"ListItem","position":1,"name":"Home","item":"https:\/\/citychange.app\/"},{"@type":"ListItem","position":2,"name":"Privatlivspolitik"}]}]}},"_links":{"self":[{"href":"https:\/\/citychange.app\/da_dk\/wp-json\/wp\/v2\/pages\/1041"}],"collection":[{"href":"https:\/\/citychange.app\/da_dk\/wp-json\/wp\/v2\/pages"}],"about":[{"href":"https:\/\/citychange.app\/da_dk\/wp-json\/wp\/v2\/types\/page"}],"author":[{"embeddable":true,"href":"https:\/\/citychange.app\/da_dk\/wp-json\/wp\/v2\/users\/1"}],"replies":[{"embeddable":true,"href":"https:\/\/citychange.app\/da_dk\/wp-json\/wp\/v2\/comments?post=1041"}],"version-history":[{"count":76,"href":"https:\/\/citychange.app\/da_dk\/wp-json\/wp\/v2\/pages\/1041\/revisions"}],"predecessor-version":[{"id":1477,"href":"https:\/\/citychange.app\/da_dk\/wp-json\/wp\/v2\/pages\/1041\/revisions\/1477"}],"wp:attachment":[{"href":"https:\/\/citychange.app\/da_dk\/wp-json\/wp\/v2\/media?parent=1041"}],"curies":[{"name":"wp","href":"https:\/\/api.w.org\/{rel}","templated":true}]}}